{"id":569,"date":"2022-12-12T08:27:44","date_gmt":"2022-12-12T06:27:44","guid":{"rendered":"https:\/\/monopolyslots.net\/?page_id=569"},"modified":"2025-02-24T09:18:27","modified_gmt":"2025-02-24T09:18:27","slug":"zastrzezenie","status":"publish","type":"page","link":"https:\/\/monopolyslots.net\/pl\/disclaimer\/","title":{"rendered":"Odkryj wy\u0142\u0105czenie odpowiedzialno\u015bci dla Monopolyslots.net 2025"},"content":{"rendered":"<div class=\"page\">\n<div class=\"container\">\n<div class=\"content download-wrapper\">\n<div class=\"row\">\n<div class=\"col-md-6 col-md-pull-6 col-sm-6 col-sm-pull-6\">\n<div class=\"main\">\n<div class=\"preview\">\n<p>If you require more information or have any questions about our site&#8217;s disclaimer, please feel free to email us at play@monopolyslots.net.<\/p><div id=\"ez-toc-container\" class=\"ez-toc-v2_0_82_2 counter-hierarchy ez-toc-counter ez-toc-grey ez-toc-container-direction\">\n<div class=\"ez-toc-title-container\">\n<p class=\"ez-toc-title\" style=\"cursor:inherit\">Table of Contents<\/p>\n<span class=\"ez-toc-title-toggle\"><a href=\"#\" class=\"ez-toc-pull-right ez-toc-btn ez-toc-btn-xs ez-toc-btn-default ez-toc-toggle\" aria-label=\"Prze\u0142\u0105cznik Spisu Tre\u015bci\"><span class=\"ez-toc-js-icon-con\"><span class=\"\"><span class=\"eztoc-hide\" style=\"display:none;\">Toggle<\/span><span class=\"ez-toc-icon-toggle-span\"><svg style=\"fill: #999;color:#999\" xmlns=\"http:\/\/www.w3.org\/2000\/svg\" class=\"list-377408\" width=\"20px\" height=\"20px\" viewBox=\"0 0 24 24\" fill=\"none\"><path d=\"M6 6H4v2h2V6zm14 0H8v2h12V6zM4 11h2v2H4v-2zm16 0H8v2h12v-2zM4 16h2v2H4v-2zm16 0H8v2h12v-2z\" fill=\"currentColor\"><\/path><\/svg><svg style=\"fill: #999;color:#999\" class=\"arrow-unsorted-368013\" xmlns=\"http:\/\/www.w3.org\/2000\/svg\" width=\"10px\" height=\"10px\" viewBox=\"0 0 24 24\" version=\"1.2\" baseProfile=\"tiny\"><path d=\"M18.2 9.3l-6.2-6.3-6.2 6.3c-.2.2-.3.4-.3.7s.1.5.3.7c.2.2.4.3.7.3h11c.3 0 .5-.1.7-.3.2-.2.3-.5.3-.7s-.1-.5-.3-.7zM5.8 14.7l6.2 6.3 6.2-6.3c.2-.2.3-.5.3-.7s-.1-.5-.3-.7c-.2-.2-.4-.3-.7-.3h-11c-.3 0-.5.1-.7.3-.2.2-.3.5-.3.7s.1.5.3.7z\"\/><\/svg><\/span><\/span><\/span><\/a><\/span><\/div>\n<nav><ul class='ez-toc-list ez-toc-list-level-1 ' ><li class='ez-toc-page-1 ez-toc-heading-level-2'><a class=\"ez-toc-link ez-toc-heading-1\" href=\"https:\/\/monopolyslots.net\/pl\/disclaimer\/#Disclaimers_for_monopolyslotsnet\" >Disclaimers for monopolyslots.net<\/a><ul class='ez-toc-list-level-3' ><li class='ez-toc-heading-level-3'><a class=\"ez-toc-link ez-toc-heading-2\" href=\"https:\/\/monopolyslots.net\/pl\/disclaimer\/#Consent\" >Consent<\/a><\/li><li class='ez-toc-page-1 ez-toc-heading-level-3'><a class=\"ez-toc-link ez-toc-heading-3\" href=\"https:\/\/monopolyslots.net\/pl\/disclaimer\/#Update\" >Update<\/a><\/li><\/ul><\/li><li class='ez-toc-page-1 ez-toc-heading-level-2'><a class=\"ez-toc-link ez-toc-heading-4\" href=\"https:\/\/monopolyslots.net\/pl\/disclaimer\/#Play_Monopoly_slots_in_modern_casinos_in_2025\" >Play Monopoly slots in modern casinos in 2025<\/a><ul class='ez-toc-list-level-3' ><li class='ez-toc-heading-level-3'><a class=\"ez-toc-link ez-toc-heading-5\" href=\"https:\/\/monopolyslots.net\/pl\/disclaimer\/#Read_Related_Posts\" >Read Related Posts:<\/a><ul class='ez-toc-list-level-4' ><li class='ez-toc-heading-level-4'><a class=\"ez-toc-link ez-toc-heading-6\" href=\"https:\/\/monopolyslots.net\/pl\/disclaimer\/#The_History_of_Monopoly_Board_Game_%E2%80%93_From_1903_to_the_Present_Day\" >The History of Monopoly Board Game &#8211; From 1903 to the Present Day<\/a><\/li><li class='ez-toc-page-1 ez-toc-heading-level-4'><a class=\"ez-toc-link ez-toc-heading-7\" href=\"https:\/\/monopolyslots.net\/pl\/disclaimer\/#Play_Monopoly_Big_Baller_Live_in_Live_Casino_2025\" >Play Monopoly Big Baller Live in Live Casino 2025<\/a><\/li><li class='ez-toc-page-1 ez-toc-heading-level-4'><a class=\"ez-toc-link ez-toc-heading-8\" href=\"https:\/\/monopolyslots.net\/pl\/disclaimer\/#Play_Monopoly_Big_Money_Reel_Slot_in_Online_Casinos_2025\" >Play Monopoly Big Money Reel Slot in Online Casinos 2025<\/a><\/li><li class='ez-toc-page-1 ez-toc-heading-level-4'><a class=\"ez-toc-link ez-toc-heading-9\" href=\"https:\/\/monopolyslots.net\/pl\/disclaimer\/#Read_the_Monopoly_250k_Slot_Review_and_Get_Bonus\" >Read the Monopoly 250k Slot Review and Get Bonus<\/a><\/li><\/ul><\/li><\/ul><\/li><\/ul><\/nav><\/div>\n\n<h2><span class=\"ez-toc-section\" id=\"Disclaimers_for_monopolyslotsnet\"><\/span>Disclaimers for monopolyslots.net<span class=\"ez-toc-section-end\"><\/span><\/h2>\n<p>All information on this website\u2014https:\/\/monopolyslots.net\/\u2014is published in good faith and for general information purposes only.<\/p>\n<p>Monopolyslots.net does not make any warranties about the completeness, reliability and accuracy of this information.<\/p>\n<p>Any action you take based on the information on this website (Monopolyslots.net) is strictly at your own risk. Monopolyslots.net will not be liable for any losses or damages resulting from using our website.<\/p>\n<p>You can visit other websites from our website by following hyperlinks to such external sites.<\/p>\n<p>While we strive to provide only quality links to useful and ethical websites, we have no control over their content and nature.<\/p>\n<p>These links to other websites do not imply a recommendation for all the content found on these sites.<\/p>\n<p>Site owners and content may change without notice and occur before we can remove a link that may have gone &#8216;bad&#8217;.<\/p>\n<p>Please\u00a0<span style=\"box-sizing: border-box; margin: 0px; padding: 0px;\">also be aware that when you leave our website, other sites may have different\u00a0<a href=\"https:\/\/monopolyslots.net\/privacy-policy\/\" target=\"_blank\" rel=\"noopener\">privacy policies<\/a> and terms beyond our control<\/span>.<\/p>\n<p>Please check the Privacy Policies of these sites and their &#8220;Terms of Service&#8221; before engaging in any business or uploading any information.<\/p>\n<h3><span class=\"ez-toc-section\" id=\"Consent\"><\/span>Consent<span class=\"ez-toc-section-end\"><\/span><\/h3>\n<p>Using our website, you consent to our disclaimer and agree to its terms.<\/p>\n<h3><span class=\"ez-toc-section\" id=\"Update\"><\/span>Update<span class=\"ez-toc-section-end\"><\/span><\/h3>\n<p>Should we update, amend or make any changes to this document, those changes will be prominently posted here.<\/p>\n<h2 style=\"text-align: center;\"><span class=\"ez-toc-section\" id=\"Play_Monopoly_slots_in_modern_casinos_in_2025\"><\/span><span style=\"color: #ff0000;\">Play Monopoly slots in modern casinos in 2025<\/span><span class=\"ez-toc-section-end\"><\/span><\/h2>\n<div class=\"sb-listing-wrapper sb-wrapper\" data-atts=\"{&quot;source&quot;:&quot;source&quot;,&quot;ids&quot;:&quot;515,472,429,381,331,507,297&quot;,&quot;cat&quot;:&quot;&quot;,&quot;tag&quot;:&quot;&quot;,&quot;ppp&quot;:&quot;&quot;,&quot;limiting&quot;:&quot;&quot;,&quot;ppp_click&quot;:&quot;&quot;,&quot;order&quot;:&quot;&quot;,&quot;orderby&quot;:&quot;&quot;,&quot;style&quot;:&quot;style&quot;,&quot;overwrites&quot;:&quot;&quot;,&quot;filters&quot;:&quot;&quot;,&quot;sorting&quot;:&quot;&quot;,&quot;geo_message&quot;:&quot;&quot;,&quot;geo_filter&quot;:&quot;&quot;,&quot;type&quot;:&quot;grid&quot;,&quot;block_class&quot;:&quot;&quot;}\"><div class=\"sb-listing sb-grid  sb-grid--style\" data-element-id=\"6lOoAPC0Txkz3WBX\"><\/div><div class=\"sb-listing-tools\"\n                    data-element-id=\"6lOoAPC0Txkz3WBX\"\n                    data-source=\"source\"\n                    data-total=\"7\"\n                    data-limiting=\"{&quot;enabled&quot;:false,&quot;initial&quot;:0,&quot;perPage&quot;:0,&quot;page&quot;:1}\"><\/div><\/div>\n<h3 class=\"plugin-title\"><span class=\"ez-toc-section\" id=\"Read_Related_Posts\"><\/span>Read Related Posts:<span class=\"ez-toc-section-end\"><\/span><\/h3>\n<div class=\"pt-cv-wrapper\"><div class=\"pt-cv-view pt-cv-grid pt-cv-colsys\" id=\"pt-cv-view-174d0a3581\"><div data-id=\"pt-cv-page-1\" class=\"pt-cv-page\" data-cvc=\"2\"><div class=\"col-md-6 col-sm-6 col-xs-12 pt-cv-content-item pt-cv-1-col\"  data-pid=\"342\"><div class='pt-cv-ifield'><a href=\"https:\/\/monopolyslots.net\/pl\/monopoly-game-history\/\" class=\"_blank pt-cv-href-thumbnail pt-cv-thumb-default cvplbd cvp-lazy-container\" target=\"_blank\" ><img decoding=\"async\" width=\"850\" height=\"481\" src=\"https:\/\/monopolyslots.net\/wp-content\/plugins\/pt-content-views-pro\/public\/assets\/images\/lazy_image.png\" class=\"pt-cv-thumbnail img-none skip-lazy  cvplazy\" alt=\"The first classic Monopoly game was called The Landlord&#039;s Game pictured.\" data-cvpsrc=\"https:\/\/monopolyslots.net\/wp-content\/uploads\/2022\/12\/The-first-classic-Monopoly-game-was-called-The-Landlords-Game..jpg\" data-cvpset=\"https:\/\/monopolyslots.net\/wp-content\/uploads\/2022\/12\/The-first-classic-Monopoly-game-was-called-The-Landlords-Game..jpg 850w, https:\/\/monopolyslots.net\/wp-content\/uploads\/2022\/12\/The-first-classic-Monopoly-game-was-called-The-Landlords-Game.-300x170.jpg 300w, https:\/\/monopolyslots.net\/wp-content\/uploads\/2022\/12\/The-first-classic-Monopoly-game-was-called-The-Landlords-Game.-768x435.jpg 768w\" \/><\/a>\n<h4 class=\"pt-cv-title\"><span class=\"ez-toc-section\" id=\"The_History_of_Monopoly_Board_Game_%E2%80%93_From_1903_to_the_Present_Day\"><\/span><a href=\"https:\/\/monopolyslots.net\/pl\/monopoly-game-history\/\" class=\"_blank cvplbd\" target=\"_blank\" >The History of Monopoly Board Game &#8211; From 1903 to the Present Day<\/a><span class=\"ez-toc-section-end\"><\/span><\/h4>\n<div class=\"pt-cv-content\">Discover the Full History of Monopoly Games from the Past to 2025 In 1903, a woman named Lizzie Magie created a board game called The Landlord's Game, which was never recognized. The Landlord's Game rules include play money and real estate that could be traded. Players could borrow money and ...<br \/><div class=\"pt-cv-rmwrap\"><a href=\"https:\/\/monopolyslots.net\/pl\/monopoly-game-history\/\" class=\"_blank pt-cv-readmore btn btn-success cvplbd\" target=\"_blank\">Read More<\/a><\/div><\/div>\n<div class=\"pt-cv-meta-fields\"><span class=\"entry-date\"> <time datetime=\"2026-01-03T21:00:00+00:00\">03\/01\/2026<\/time><\/span><span> \/ <\/span><span class=\"terms\"> <a href='https:\/\/monopolyslots.net\/pl\/monopoly-game-posts-and-news\/' title='Monopoly game posts and news' class='pt-cv-tax-monopoly-game-posts-and-news'>Monopoly game posts and news<\/a><\/span><\/div><\/div><\/div>\n<div class=\"col-md-6 col-sm-6 col-xs-12 pt-cv-content-item pt-cv-1-col\"  data-pid=\"970\"><div class='pt-cv-ifield'><a href=\"https:\/\/monopolyslots.net\/pl\/monopoly-big-baller\/\" class=\"_blank pt-cv-href-thumbnail pt-cv-thumb-default cvplbd cvp-lazy-container\" target=\"_blank\" ><img decoding=\"async\" src=\"https:\/\/monopolyslots.net\/wp-content\/plugins\/pt-content-views-pro\/public\/assets\/images\/lazy_image.png\" class=\"pt-cv-thumbnail img-none cvp-substitute skip-lazy  cvplazy\" alt=\"Monopoly Big Baller review and casino bonus pictured.\" title=\"\" data-cvpsrc=\"https:\/\/monopolyslots.net\/wp-content\/uploads\/2022\/12\/Monopoly-Big-Baller-review-and-casino-bonus.jpg\" \/><\/a>\n<h4 class=\"pt-cv-title\"><span class=\"ez-toc-section\" id=\"Play_Monopoly_Big_Baller_Live_in_Live_Casino_2025\"><\/span><a href=\"https:\/\/monopolyslots.net\/pl\/monopoly-big-baller\/\" class=\"_blank cvplbd\" target=\"_blank\" >Play Monopoly Big Baller Live in Live Casino 2025<\/a><span class=\"ez-toc-section-end\"><\/span><\/h4>\n<div class=\"pt-cv-content\">Monopoly Big Baller Live is a New Show of 2025 Evolution Studios has created a wonderful megabrand: the MONOPOLY Big Baller game, a unique live bingo and lottery-style show in which random multipliers increase the player's profits many times. It's a beautifully themed game with a 96.10% player return percentage ...<br \/><div class=\"pt-cv-rmwrap\"><a href=\"https:\/\/monopolyslots.net\/pl\/monopoly-big-baller\/\" class=\"_blank pt-cv-readmore btn btn-success cvplbd\" target=\"_blank\">Read More<\/a><\/div><\/div>\n<div class=\"pt-cv-meta-fields\"><span class=\"entry-date\"> <time datetime=\"2026-01-03T20:59:59+00:00\">03\/01\/2026<\/time><\/span><span> \/ <\/span><span class=\"terms\"> <a href='https:\/\/monopolyslots.net\/pl\/monopoly-game-posts-and-news\/' title='Monopoly game posts and news' class='pt-cv-tax-monopoly-game-posts-and-news'>Monopoly game posts and news<\/a>, <a href='https:\/\/monopolyslots.net\/pl\/monopoly-slots\/' title='Monopoly slots' class='pt-cv-tax-monopoly-slots'>Monopoly slots<\/a><\/span><\/div><\/div><\/div>\n<div class=\"col-md-6 col-sm-6 col-xs-12 pt-cv-content-item pt-cv-1-col\"  data-pid=\"3025\"><div class='pt-cv-ifield'><a href=\"https:\/\/monopolyslots.net\/pl\/monopoly-big-money-reel-slot-review\/\" class=\"_blank pt-cv-href-thumbnail pt-cv-thumb-default cvplbd cvp-lazy-container\" target=\"_blank\" ><img decoding=\"async\" src=\"https:\/\/monopolyslots.net\/wp-content\/plugins\/pt-content-views-pro\/public\/assets\/images\/lazy_image.png\" class=\"pt-cv-thumbnail img-none cvp-substitute skip-lazy  cvplazy\" alt=\"Read the Monopoly Big Money Reel slot review at Monopolyslots.net pictured.\" title=\"\" data-cvpsrc=\"https:\/\/monopolyslots.net\/wp-content\/uploads\/2022\/12\/Read-the-Monopoly-Big-Money-Reel-slot-review-at-Monopolyslots.net_.jpg\" \/><\/a>\n<h4 class=\"pt-cv-title\"><span class=\"ez-toc-section\" id=\"Play_Monopoly_Big_Money_Reel_Slot_in_Online_Casinos_2025\"><\/span><a href=\"https:\/\/monopolyslots.net\/pl\/monopoly-big-money-reel-slot-review\/\" class=\"_blank cvplbd\" target=\"_blank\" >Play Monopoly Big Money Reel Slot in Online Casinos 2025<\/a><span class=\"ez-toc-section-end\"><\/span><\/h4>\n<div class=\"pt-cv-content\">Read the Review of the Big Money Reel Slot Game WMS Gaming studio has\u00a0created the Monopoly Big Money Reel slot by leveraging the board game's widespread popularity. With a jazzy soundtrack and outstanding graphics, this modern game has exceeded the expectations of avid players looking for new and exciting online ...<br \/><div class=\"pt-cv-rmwrap\"><a href=\"https:\/\/monopolyslots.net\/pl\/monopoly-big-money-reel-slot-review\/\" class=\"_blank pt-cv-readmore btn btn-success cvplbd\" target=\"_blank\">Read More<\/a><\/div><\/div>\n<div class=\"pt-cv-meta-fields\"><span class=\"entry-date\"> <time datetime=\"2026-01-03T20:54:22+00:00\">03\/01\/2026<\/time><\/span><span> \/ <\/span><span class=\"terms\"> <a href='https:\/\/monopolyslots.net\/pl\/monopoly-slots\/' title='Monopoly slots' class='pt-cv-tax-monopoly-slots'>Monopoly slots<\/a><\/span><\/div><\/div><\/div>\n<div class=\"col-md-6 col-sm-6 col-xs-12 pt-cv-content-item pt-cv-1-col\"  data-pid=\"4759\"><div class='pt-cv-ifield'><a href=\"https:\/\/monopolyslots.net\/pl\/monopoly-250k\/\" class=\"_blank pt-cv-href-thumbnail pt-cv-thumb-default cvplbd cvp-lazy-container\" target=\"_blank\" ><img decoding=\"async\" src=\"https:\/\/monopolyslots.net\/wp-content\/plugins\/pt-content-views-pro\/public\/assets\/images\/lazy_image.png\" class=\"pt-cv-thumbnail img-none cvp-substitute skip-lazy  cvplazy\" alt=\"A close-up of the Monopoly 250k slot machine, featuring the iconic Monopoly man on the front pictured.\" title=\"\" data-cvpsrc=\"https:\/\/monopolyslots.net\/wp-content\/uploads\/2023\/01\/A-close-up-of-the-Monopoly-250k-slot-machine-featuring-the-iconic-Monopoly-man-on-the-front..jpg\" \/><\/a>\n<h4 class=\"pt-cv-title\"><span class=\"ez-toc-section\" id=\"Read_the_Monopoly_250k_Slot_Review_and_Get_Bonus\"><\/span><a href=\"https:\/\/monopolyslots.net\/pl\/monopoly-250k\/\" class=\"_blank cvplbd\" target=\"_blank\" >Read the Monopoly 250k Slot Review and Get Bonus<\/a><span class=\"ez-toc-section-end\"><\/span><\/h4>\n<div class=\"pt-cv-content\">Monopoly 250k Slot Machine Review If you like slot machines with big-city lights and lots of glitz and glamour, discover the Monopoly 250k quest game with five reels and 40 paylines. You'll find plenty of bonus-filled features that will provide you with endless winnings. Monopoly 250k is an online slot ...<br \/><div class=\"pt-cv-rmwrap\"><a href=\"https:\/\/monopolyslots.net\/pl\/monopoly-250k\/\" class=\"_blank pt-cv-readmore btn btn-success cvplbd\" target=\"_blank\">Read More<\/a><\/div><\/div>\n<div class=\"pt-cv-meta-fields\"><span class=\"entry-date\"> <time datetime=\"2026-01-03T20:39:34+00:00\">03\/01\/2026<\/time><\/span><span> \/ <\/span><span class=\"terms\"> <a href='https:\/\/monopolyslots.net\/pl\/monopoly-slots\/' title='Monopoly slots' class='pt-cv-tax-monopoly-slots'>Monopoly slots<\/a><\/span><\/div><\/div><\/div><\/div><\/div>\n<div class=\"text-left pt-cv-pagination-wrapper\"><ul class=\"pt-cv-pagination pt-cv-normal pagination\" data-totalpages=\"4\" data-currentpage=\"1\" data-sid=\"174d0a3581\" data-unid=\"\" data-isblock=\"\" data-postid=\"\"><li class=\"active\"><a href=\"#\">1<\/a><\/li>\n\t<li ><a class=\"\" href=\"https:\/\/monopolyslots.net\/pl\/wp-json\/wp\/v2\/pages\/569\/?_page=2\">2<\/a><\/li>\n\t<li ><a class=\"\" href=\"https:\/\/monopolyslots.net\/pl\/wp-json\/wp\/v2\/pages\/569\/?_page=3\">3<\/a><\/li>\n\t<li ><a class=\"\" href=\"https:\/\/monopolyslots.net\/pl\/wp-json\/wp\/v2\/pages\/569\/?_page=4\">4<\/a><\/li>\n\t<li ><a class=\" \" href=\"https:\/\/monopolyslots.net\/pl\/wp-json\/wp\/v2\/pages\/569\/?_page=2\">&rsaquo;<\/a><\/li>\n\t<\/ul><img decoding=\"async\" width=\"15\" height=\"15\" class=\"pt-cv-spinner\" alt=\"Loading...\" src=\"data:image\/gif;base64,R0lGODlhDwAPALMPAMrKygwMDJOTkz09PZWVla+vr3p6euTk5M7OzuXl5TMzMwAAAJmZmWZmZszMzP\/\/\/yH\/C05FVFNDQVBFMi4wAwEAAAAh+QQFCgAPACwAAAAADwAPAAAEQvDJaZaZOIcV8iQK8VRX4iTYoAwZ4iCYoAjZ4RxejhVNoT+mRGP4cyF4Pp0N98sBGIBMEMOotl6YZ3S61Bmbkm4mAgAh+QQFCgAPACwAAAAADQANAAAENPDJSRSZeA418itN8QiK8BiLITVsFiyBBIoYqnoewAD4xPw9iY4XLGYSjkQR4UAUD45DLwIAIfkEBQoADwAsAAAAAA8ACQAABC\/wyVlamTi3nSdgwFNdhEJgTJoNyoB9ISYoQmdjiZPcj7EYCAeCF1gEDo4Dz2eIAAAh+QQFCgAPACwCAAAADQANAAAEM\/DJBxiYeLKdX3IJZT1FU0iIg2RNKx3OkZVnZ98ToRD4MyiDnkAh6BkNC0MvsAj0kMpHBAAh+QQFCgAPACwGAAAACQAPAAAEMDC59KpFDll73HkAA2wVY5KgiK5b0RRoI6MuzG6EQqCDMlSGheEhUAgqgUUAFRySIgAh+QQFCgAPACwCAAIADQANAAAEM\/DJKZNLND\/kkKaHc3xk+QAMYDKsiaqmZCxGVjSFFCxB1vwy2oOgIDxuucxAMTAJFAJNBAAh+QQFCgAPACwAAAYADwAJAAAEMNAs86q1yaWwwv2Ig0jUZx3OYa4XoRAfwADXoAwfo1+CIjyFRuEho60aSNYlOPxEAAAh+QQFCgAPACwAAAIADQANAAAENPA9s4y8+IUVcqaWJ4qEQozSoAzoIyhCK2NFU2SJk0hNnyEOhKR2AzAAj4Pj4GE4W0bkJQIAOw==\" \/><div class=\"clear pt-cv-clear-pagination\"><\/div><\/div><\/div>\t\t\t<style type=\"text\/css\" id=\"pt-cv-inline-style-176ad72d92\">#pt-cv-view-174d0a3581 .pt-cv-title a, #pt-cv-view-174d0a3581  .panel-title { font-weight: 600 !important; }\n#pt-cv-view-174d0a3581 .pt-cv-readmore  { color: #ffffff !important; background-color: #00aeef !important; }\n#pt-cv-view-174d0a3581 .pt-cv-readmore:hover  { color: #ffffff !important; background-color: #00aeef !important; }\n#pt-cv-view-174d0a3581  + .pt-cv-pagination-wrapper .pt-cv-more , #pt-cv-view-174d0a3581  + .pt-cv-pagination-wrapper .pagination .active a, .pt-cv-pagination[data-sid='174d0a3581'] .active a { color: #ffffff !important; background-color: #00aeef !important; }<\/style>\r\n\t\t\t\n<p style=\"text-align: center;\"><a class=\"maxbutton-15 maxbutton maxbutton-homepage\" target=\"_blank\" title=\"Go back to the home page of Monopolyslots.net\" rel=\"nofollow noopener\" href=\"https:\/\/monopolyslots.net\/\"><span class='mb-text'>RETURN TO HOME PAGE<\/span><\/a><\/p>\n<\/div>\n<\/div>\n<\/div>\n<\/div>\n<\/div>\n<\/div>\n<\/div>\n","protected":false},"excerpt":{"rendered":"<p>Je\u015bli potrzebujesz wi\u0119cej informacji lub masz jakiekolwiek pytania dotycz\u0105ce zrzeczenia si\u0119 odpowiedzialno\u015bci na naszej stronie, napisz do nas na adres play@monopolyslots.net. Zastrze\u017cenia dotycz\u0105ce monopolyslots.net Wszystkie informacje na tej stronie-https:\/\/monopolyslots.net\/-is opublikowane w dobrej wierze i wy\u0142\u0105cznie w celach informacyjnych. Monopolyslots.net nie udziela \u017cadnych gwarancji co do kompletno\u015bci, wiarygodno\u015bci i dok\u0142adno\u015bci tych informacji. Wszelkie ... <a title=\"Odkryj wy\u0142\u0105czenie odpowiedzialno\u015bci dla Monopolyslots.net 2025\" class=\"read-more\" href=\"https:\/\/monopolyslots.net\/pl\/disclaimer\/\" aria-label=\"Dowiedz si\u0119 wi\u0119cej o Discover Disclaimer dla Monopolyslots.net 2025\">Czytaj wi\u0119cej<\/a><\/p>","protected":false},"author":1,"featured_media":0,"parent":0,"menu_order":0,"comment_status":"closed","ping_status":"closed","template":"","meta":{"_acf_changed":false,"footnotes":""},"class_list":["post-569","page","type-page","status-publish"],"acf":[],"_links":{"self":[{"href":"https:\/\/monopolyslots.net\/pl\/wp-json\/wp\/v2\/pages\/569","targetHints":{"allow":["GET"]}}],"collection":[{"href":"https:\/\/monopolyslots.net\/pl\/wp-json\/wp\/v2\/pages"}],"about":[{"href":"https:\/\/monopolyslots.net\/pl\/wp-json\/wp\/v2\/types\/page"}],"author":[{"embeddable":true,"href":"https:\/\/monopolyslots.net\/pl\/wp-json\/wp\/v2\/users\/1"}],"replies":[{"embeddable":true,"href":"https:\/\/monopolyslots.net\/pl\/wp-json\/wp\/v2\/comments?post=569"}],"version-history":[{"count":0,"href":"https:\/\/monopolyslots.net\/pl\/wp-json\/wp\/v2\/pages\/569\/revisions"}],"wp:attachment":[{"href":"https:\/\/monopolyslots.net\/pl\/wp-json\/wp\/v2\/media?parent=569"}],"curies":[{"name":"wp","href":"https:\/\/api.w.org\/{rel}","templated":true}]}}